{"id":85,"date":"2018-04-04T00:53:12","date_gmt":"2018-04-04T03:53:12","guid":{"rendered":"https:\/\/alegriadoamor.wordpress.com\/?page_id=83"},"modified":"2018-04-04T00:53:12","modified_gmt":"2018-04-04T03:53:12","slug":"arquivo","status":"publish","type":"page","link":"https:\/\/alegriadoamor.com\/index.php\/arquivo\/","title":{"rendered":"Arquivo"},"content":{"rendered":"<p>Nesta p\u00e1gina voc\u00ea poder\u00e1 encontrar as postagens anteriores organizadas em 3 modalidades:<\/p>\n<p>&nbsp;<\/p>\n<p>Artigos<\/p>\n<p>Podcast<\/p>\n<p>V\u00eddeo<\/p>\n<p>&nbsp;<\/p>\n","protected":false},"excerpt":{"rendered":"<p>Nesta p\u00e1gina voc\u00ea poder\u00e1 encontrar as postagens anteriores organizadas em 3 modalidades: &nbsp; Artigos Podcast V\u00eddeo &nbsp;<\/p>\n","protected":false},"author":2,"featured_media":0,"parent":0,"menu_order":0,"comment_status":"closed","ping_status":"closed","template":"","meta":{"footnotes":""},"_links":{"self":[{"href":"https:\/\/alegriadoamor.com\/index.php\/wp-json\/wp\/v2\/pages\/85"}],"collection":[{"href":"https:\/\/alegriadoamor.com\/index.php\/wp-json\/wp\/v2\/pages"}],"about":[{"href":"https:\/\/alegriadoamor.com\/index.php\/wp-json\/wp\/v2\/types\/page"}],"author":[{"embeddable":true,"href":"https:\/\/alegriadoamor.com\/index.php\/wp-json\/wp\/v2\/users\/2"}],"replies":[{"embeddable":true,"href":"https:\/\/alegriadoamor.com\/index.php\/wp-json\/wp\/v2\/comments?post=85"}],"version-history":[{"count":0,"href":"https:\/\/alegriadoamor.com\/index.php\/wp-json\/wp\/v2\/pages\/85\/revisions"}],"wp:attachment":[{"href":"https:\/\/alegriadoamor.com\/index.php\/wp-json\/wp\/v2\/media?parent=85"}],"curies":[{"name":"wp","href":"https:\/\/api.w.org\/{rel}","templated":true}]}}